{"id":23,"date":"2026-02-17T07:00:15","date_gmt":"2026-02-17T06:00:15","guid":{"rendered":"http:\/\/philatelieorleans.org\/apl\/?page_id=23"},"modified":"2026-02-17T18:32:38","modified_gmt":"2026-02-17T17:32:38","slug":"bureau","status":"publish","type":"page","link":"https:\/\/philatelieorleans.org\/apl\/bureau\/","title":{"rendered":"Bureau"},"content":{"rendered":"<p style=\"text-align: center;\"><span style=\"background-color: #ffffff; color: #3366ff;\"><strong>Composition du Conseil d&rsquo;administration 2026<\/strong><\/span><\/p>\n<ul>\n<li style=\"text-align: left;\"><strong>Pr\u00e9sident :\u00a0 <\/strong>Bernard Jutteau<\/li>\n<li style=\"text-align: left;\"><strong>Tr\u00e9sorier : <\/strong>Jean-Christophe Martins<\/li>\n<li><strong>Tr\u00e9sorier adjoint :<\/strong> Bertrand Lefebvre<\/li>\n<li style=\"text-align: left;\"><strong>Secr\u00e9taire :\u00a0<\/strong>Louise Bertaux<\/li>\n<li><strong>Secr\u00e9taire adjoint :\u00a0 <\/strong>Herminio de Castilla<\/li>\n<\/ul>\n<p>&nbsp;<\/p>\n<ul>\n<li style=\"text-align: left;\"><strong>Circulations :\u00a0<\/strong>G\u00e9rard Vergnolles \/ Christiane Ciry-Karp<\/li>\n<li><strong>Pr\u00e9paration timbres et cartes postales : <\/strong>Nicolas Chevalier<\/li>\n<li><strong>Nouveaut\u00e9s et fournitures :<\/strong> Christiane Ciry-Karp<\/li>\n<li><strong>Site Internet : <\/strong>Nicolas Chevalier<\/li>\n<li><strong>Ventes sur tables :<\/strong> Jean-Paul Huot<\/li>\n<li style=\"text-align: left;\"><strong>Biblioth\u00e8que : <\/strong>\u00a0Jean-Claude Cathelain \/ Marie-Claude Olivier<\/li>\n<li style=\"text-align: left;\"><strong>Abonnements revues : <\/strong>Marie-Claude Olivier<\/li>\n<li style=\"text-align: left;\"><strong>Manifestations \/ \u00e9v\u00e9nementiel<\/strong> : Bernard Jutteau \/ Etienne H\u00e9mond<\/li>\n<li style=\"text-align: left;\"><strong>Salon de Saint Pryv\u00e9 :<\/strong> Michel Carlier<\/li>\n<li><strong>Relations avec l&rsquo;imprimeur, philaposte et presse philat\u00e9lique :<\/strong> Nicolas Chevalier<\/li>\n<li><strong>Responsable salle de r\u00e9union :\u00a0<\/strong>\u00a0Roland Bouesnard<\/li>\n<li><strong>Contr\u00f4leur aux comptes :<\/strong>\u00a0Olivier Gervais<\/li>\n<li style=\"text-align: left;\"><strong>Repr\u00e9sentants au groupement :<\/strong> Bernard Jutteau \/ G\u00e9rard Vergnolles<\/li>\n<li style=\"text-align: left;\"><strong>Autres membres :<\/strong>\u00a0 Patrice Pointereau, Franck P\u00e9ron-Brion, Fran\u00e7ois Balfourier<\/li>\n<\/ul>\n<p>&nbsp;<\/p>\n<ul>\n<li><strong>Dessinateurs de l&rsquo;APL :<\/strong> Philippe Dueymes \/ Claude Gigant \/ F\u00e9licia Laude<\/li>\n<\/ul>\n","protected":false},"excerpt":{"rendered":"<p>Composition du Conseil d&rsquo;administration 2026 Pr\u00e9sident :\u00a0 Bernard Jutteau Tr\u00e9sorier : Jean-Christophe Martins Tr\u00e9sorier adjoint : Bertrand Lefebvre Secr\u00e9taire :\u00a0Louise Bertaux Secr\u00e9taire adjoint :\u00a0 Herminio de Castilla &nbsp; Circulations :\u00a0G\u00e9rard Vergnolles \/ Christiane Ciry-Karp Pr\u00e9paration timbres et cartes postales : Nicolas Chevalier Nouveaut\u00e9s et fournitures : Christiane Ciry-Karp Site Internet : Nicolas Chevalier Ventes sur &hellip; <\/p>\n<p class=\"link-more\"><a href=\"https:\/\/philatelieorleans.org\/apl\/bureau\/\" class=\"more-link\">Continuer la lecture<span class=\"screen-reader-text\"> de &laquo;&nbsp;Bureau&nbsp;&raquo;<\/span><\/a><\/p>\n","protected":false},"author":1,"featured_media":0,"parent":0,"menu_order":0,"comment_status":"closed","ping_status":"closed","template":"","meta":{"_bbp_topic_count":0,"_bbp_reply_count":0,"_bbp_total_topic_count":0,"_bbp_total_reply_count":0,"_bbp_voice_count":0,"_bbp_anonymous_reply_count":0,"_bbp_topic_count_hidden":0,"_bbp_reply_count_hidden":0,"_bbp_forum_subforum_count":0,"footnotes":""},"class_list":["post-23","page","type-page","status-publish","hentry"],"_links":{"self":[{"href":"https:\/\/philatelieorleans.org\/apl\/wp-json\/wp\/v2\/pages\/23","targetHints":{"allow":["GET"]}}],"collection":[{"href":"https:\/\/philatelieorleans.org\/apl\/wp-json\/wp\/v2\/pages"}],"about":[{"href":"https:\/\/philatelieorleans.org\/apl\/wp-json\/wp\/v2\/types\/page"}],"author":[{"embeddable":true,"href":"https:\/\/philatelieorleans.org\/apl\/wp-json\/wp\/v2\/users\/1"}],"replies":[{"embeddable":true,"href":"https:\/\/philatelieorleans.org\/apl\/wp-json\/wp\/v2\/comments?post=23"}],"version-history":[{"count":21,"href":"https:\/\/philatelieorleans.org\/apl\/wp-json\/wp\/v2\/pages\/23\/revisions"}],"predecessor-version":[{"id":2576,"href":"https:\/\/philatelieorleans.org\/apl\/wp-json\/wp\/v2\/pages\/23\/revisions\/2576"}],"wp:attachment":[{"href":"https:\/\/philatelieorleans.org\/apl\/wp-json\/wp\/v2\/media?parent=23"}],"curies":[{"name":"wp","href":"https:\/\/api.w.org\/{rel}","templated":true}]}}