{"id":2231,"date":"0202-04-01T17:39:48","date_gmt":"0202-04-01T17:30:27","guid":{"rendered":"https:\/\/philatelieorleans.org\/apl\/?page_id=2231"},"modified":"2026-04-01T19:20:47","modified_gmt":"2026-04-01T17:20:47","slug":"associations-amies","status":"publish","type":"page","link":"https:\/\/philatelieorleans.org\/apl\/associations-amies\/","title":{"rendered":"Associations amies"},"content":{"rendered":"\r\n\r\n\r\n\r\n\r\n\r\n\r\n\r\n\r\n<p><a href=\"https:\/\/philatelie-st-pryve.fr\"><strong>Les Amis Philat\u00e9listes Pryvatains (APP<\/strong>)<\/a><\/p>\r\n<p><strong><a href=\"http:\/\/gprcl.org\/index.html\">\u00a0Groupement Philat\u00e9lique Centre-Val de Loire (GPRCL)<\/a><\/strong><\/p>\r\n<p><strong><a href=\"https:\/\/ffap.net\">F\u00e9d\u00e9ration fran\u00e7aise des associations philat\u00e9liques (FFAP)<\/a><\/strong><\/p>\r\n<p><strong><a href=\"https:\/\/www.timbresponts.fr\/ponts_et_cites\/loire_dossiers\/gien.htm\">Timbres sur le ch\u00e2teau de Gien<\/a><\/strong> (page r\u00e9alis\u00e9e par Claude Gigant, membre de l&rsquo;APL)<\/p>\r\n<p><strong><a href=\"https:\/\/www.letterboxvillage.com\/claude-gigant\/\">Le village des bo\u00eetes aux lettres<\/a> <\/strong>(page r\u00e9alis\u00e9e par Claude Gigant, membre de l&rsquo;APL)<\/p>\r\n<p><strong><a href=\"https:\/\/cege45.blog4ever.com\">Les oeuvres de Claude Gigant<\/a><\/strong> (membre de l&rsquo;APL)<\/p>\r\n<p><strong><a href=\"https:\/\/cege45.overblog.com\/\">Photos et aquarelles des voyages de Claude Gigant<\/a> <\/strong>(membre de l&rsquo;APL)<\/p>\r\n<p><strong><a href=\"https:\/\/www.facebook.com\/ANCNumismatiqueOrleans\/\">Association Numismatique du Centre (ANC)<\/a><\/strong><\/p>\r\n<p><strong><a style=\"color: #000000;\" href=\"http:\/\/philatelie.polaire.free.fr\">Cercle d&rsquo;Etudes Postales Polaires (CEPP)<\/a><\/strong><\/p>\r\n\r\n\r\n\r\n\r\n","protected":false},"excerpt":{"rendered":"","protected":false},"author":1,"featured_media":0,"parent":0,"menu_order":0,"comment_status":"closed","ping_status":"closed","template":"","meta":{"_bbp_topic_count":0,"_bbp_reply_count":0,"_bbp_total_topic_count":0,"_bbp_total_reply_count":0,"_bbp_voice_count":0,"_bbp_anonymous_reply_count":0,"_bbp_topic_count_hidden":0,"_bbp_reply_count_hidden":0,"_bbp_forum_subforum_count":0,"footnotes":""},"class_list":["post-2231","page","type-page","status-publish","hentry"],"_links":{"self":[{"href":"https:\/\/philatelieorleans.org\/apl\/wp-json\/wp\/v2\/pages\/2231","targetHints":{"allow":["GET"]}}],"collection":[{"href":"https:\/\/philatelieorleans.org\/apl\/wp-json\/wp\/v2\/pages"}],"about":[{"href":"https:\/\/philatelieorleans.org\/apl\/wp-json\/wp\/v2\/types\/page"}],"author":[{"embeddable":true,"href":"https:\/\/philatelieorleans.org\/apl\/wp-json\/wp\/v2\/users\/1"}],"replies":[{"embeddable":true,"href":"https:\/\/philatelieorleans.org\/apl\/wp-json\/wp\/v2\/comments?post=2231"}],"version-history":[{"count":11,"href":"https:\/\/philatelieorleans.org\/apl\/wp-json\/wp\/v2\/pages\/2231\/revisions"}],"predecessor-version":[{"id":2600,"href":"https:\/\/philatelieorleans.org\/apl\/wp-json\/wp\/v2\/pages\/2231\/revisions\/2600"}],"wp:attachment":[{"href":"https:\/\/philatelieorleans.org\/apl\/wp-json\/wp\/v2\/media?parent=2231"}],"curies":[{"name":"wp","href":"https:\/\/api.w.org\/{rel}","templated":true}]}}